{"id":807,"date":"2025-03-12T18:12:42","date_gmt":"2025-03-12T18:12:42","guid":{"rendered":"https:\/\/for.bilkent.edu.tr\/?page_id=807"},"modified":"2026-01-12T11:25:22","modified_gmt":"2026-01-12T11:25:22","slug":"administrative-structure","status":"publish","type":"page","link":"https:\/\/for.bilkent.edu.tr\/?page_id=807","title":{"rendered":"Administrative Structure"},"content":{"rendered":"\n<div class=\"wp-block-greenshift-blocks-accordion gs-accordion gspb_accordion-id-gsbp-725617b\" id=\"gspb_accordion-id-gsbp-725617b\" itemscope itemtype=\"\">\n<div class=\"wp-block-greenshift-blocks-accordionitem gs-accordion-item gspb_accordionitem-gsbp-ae4ec9e gsclose\" id=\"gspb_accordionitem-gsbp-ae4ec9e\" itemscope><div id=\"gs-trigger-gsbp-725617b-0\" class=\"gs-accordion-item__title\" aria-expanded=\"false\" role=\"button\" tabindex=\"0\" aria-controls=\"gspb-accordion-item-content-gsbp-ae4ec9e\"><div class=\"gs-accordion-item__heading\"><strong><a href=\"https:\/\/for.bilkent.edu.tr\/\">DEPARTMENT OF FOREIGN LANGUAGES<\/a><\/strong><\/div><meta itemprop=\"name\" content=\"<strong&gt;<a href=&quot;https:\/\/for.bilkent.edu.tr\/&quot;&gt;DEPARTMENT OF FOREIGN LANGUAGES<\/a&gt;<\/strong&gt;\"\/><span class=\"iconfortoggle\"><span class=\"gs-iconbefore\"><\/span><span class=\"gs-iconafter\"><\/span><\/span><\/div><div aria-labelledby=\"gs-trigger-gsbp-725617b-0\" class=\"gs-accordion-item__content\" itemscope id=\"gspb-accordion-item-content-gsbp-ae4ec9e\" aria-hidden=\"true\"><div class=\"gs-accordion-item__text\" itemprop=\"text\">\n<p class=\"has-text-align-center\"><strong>Chair:\u00a0<a href=\"https:\/\/catalog.bilkent.edu.tr\/instructor\/i03911.html\">Elif Kantarc\u0131o\u011flu<\/a><\/strong><br><br><strong>Administrative Staff<\/strong><br>Administrative Assistant: Merve Arslan<br>Administrative Assistant: Pelin \u00d6yk\u00fc \u00c7evik<\/p>\n<\/div><\/div><\/div>\n<\/div>\n\n\n\n<div class=\"wp-block-greenshift-blocks-accordion gs-accordion gspb_accordion-id-gsbp-080938f\" id=\"gspb_accordion-id-gsbp-080938f\" itemscope itemtype=\"\">\n<div class=\"wp-block-greenshift-blocks-accordionitem gs-accordion-item gspb_accordionitem-gsbp-ab8c237 gsclose\" id=\"gspb_accordionitem-gsbp-ab8c237\" itemscope><div id=\"gs-trigger-gsbp-080938f-0\" class=\"gs-accordion-item__title\" aria-expanded=\"false\" role=\"button\" tabindex=\"0\" aria-controls=\"gspb-accordion-item-content-gsbp-ab8c237\"><div class=\"gs-accordion-item__heading\"><strong><strong><strong><a href=\"https:\/\/catalog.bilkent.edu.tr\/dep\/d81.html\">English Language Preparatory Program (PREP):<\/a><\/strong><\/strong><\/strong><\/div><meta itemprop=\"name\" content=\"<strong&gt;<strong&gt;<strong&gt;<a href=&quot;https:\/\/catalog.bilkent.edu.tr\/dep\/d81.html&quot;&gt;English Language Preparatory Program (PREP):<\/a&gt;<\/strong&gt;<\/strong&gt;<\/strong&gt;\"\/><span class=\"iconfortoggle\"><span class=\"gs-iconbefore\"><\/span><span class=\"gs-iconafter\"><\/span><\/span><\/div><div aria-labelledby=\"gs-trigger-gsbp-080938f-0\" class=\"gs-accordion-item__content\" itemscope id=\"gspb-accordion-item-content-gsbp-ab8c237\" aria-hidden=\"true\"><div class=\"gs-accordion-item__text\" itemprop=\"text\">\n<p class=\"has-text-align-center\"><a href=\"https:\/\/catalog.bilkent.edu.tr\/instructor\/i03911.html\" target=\"_blank\" rel=\"noreferrer noopener\"><strong>Director: Dr. Elif Kantarc\u0131o\u011flu<\/strong><\/a><\/p>\n\n\n\n<figure class=\"wp-block-table\"><table class=\"has-fixed-layout\"><tbody><tr><td class=\"has-text-align-right\" data-align=\"right\"><strong><span style=\"text-decoration: underline;\"><a href=\"http:\/\/www.bilkent.edu.tr\/phonedir\/p\/p4751.htm\">Prep Program Head of Professional Development<\/a>:<\/span><\/strong><\/td><td><a href=\"https:\/\/catalog.bilkent.edu.tr\/instructor\/i04751.html\">Dr. Hande I\u015f\u0131k I\u015f\u0131l<\/a><\/td><\/tr><tr><td class=\"has-text-align-right\" data-align=\"right\">PREP Program Head of Teaching:<\/td><td><a href=\"https:\/\/www.bilkent.edu.tr\/phonedir\/p\/p7820.htm\">Fatma G\u00f6k\u00e7en \u00c7olak<\/a><\/td><\/tr><tr><td class=\"has-text-align-right\" data-align=\"right\">PREP Program Head of Testing:<\/td><td><a href=\"https:\/\/catalog.bilkent.edu.tr\/instructor\/i03595.html\">\u00d6zlem Ovayurt, M.A.<\/a><\/td><\/tr><\/tbody><\/table><\/figure>\n\n\n\n<div class=\"wp-block-greenshift-blocks-container gspb_container gspb_container-gsbp-81e11e6\" id=\"gspb_container-id-gsbp-81e11e6\"><\/div>\n\n\n\n<figure class=\"wp-block-table\"><table class=\"has-fixed-layout\"><tbody><tr><td class=\"has-text-align-right\" data-align=\"right\">Supervisor:<\/td><td>Ba\u015fak Akda\u015f<\/td><\/tr><tr><td class=\"has-text-align-right\" data-align=\"right\">Administrative Assistant:<\/td><td>Pelin \u00d6yk\u00fc \u00c7evik<\/td><\/tr><tr><td class=\"has-text-align-right\" data-align=\"right\">Administrative Assistant:<\/td><td>Berrin Akak\u00e7a Meral<\/td><\/tr><tr><td class=\"has-text-align-right\" data-align=\"right\">Administrative Assistant:<\/td><td>\u0130rem F\u0131rat<\/td><\/tr><tr><td class=\"has-text-align-right\" data-align=\"right\">Administrative Assistant:<\/td><td>Deniz Karatekelio\u011flu<\/td><\/tr><tr><td class=\"has-text-align-right\" data-align=\"right\">Administrative Assistant:<\/td><td>Zeynep \u00d6zge Kocatepe<\/td><\/tr><tr><td class=\"has-text-align-right\" data-align=\"right\">Administrative Assistant:<\/td><td>Ceren B\u00f6ler<\/td><\/tr><\/tbody><\/table><\/figure>\n<\/div><\/div><\/div>\n<\/div>\n\n\n\n<div class=\"wp-block-greenshift-blocks-accordion gs-accordion gspb_accordion-id-gsbp-46cf9b7\" id=\"gspb_accordion-id-gsbp-46cf9b7\" itemscope itemtype=\"\">\n<div class=\"wp-block-greenshift-blocks-accordionitem gs-accordion-item gspb_accordionitem-gsbp-7263626 gsclose\" id=\"gspb_accordionitem-gsbp-7263626\" itemscope><div id=\"gs-trigger-gsbp-46cf9b7-0\" class=\"gs-accordion-item__title\" aria-expanded=\"false\" role=\"button\" tabindex=\"0\" aria-controls=\"gspb-accordion-item-content-gsbp-7263626\"><div class=\"gs-accordion-item__heading\"><strong><a href=\"https:\/\/catalog.bilkent.edu.tr\/dep\/d82.html\">Academic English Program (ENG):<\/a><\/strong><\/div><meta itemprop=\"name\" content=\"<strong&gt;<a href=&quot;https:\/\/catalog.bilkent.edu.tr\/dep\/d82.html&quot;&gt;Academic English Program (ENG):<\/a&gt;<\/strong&gt;\"\/><span class=\"iconfortoggle\"><span class=\"gs-iconbefore\"><\/span><span class=\"gs-iconafter\"><\/span><\/span><\/div><div aria-labelledby=\"gs-trigger-gsbp-46cf9b7-0\" class=\"gs-accordion-item__content\" itemscope id=\"gspb-accordion-item-content-gsbp-7263626\" aria-hidden=\"true\"><div class=\"gs-accordion-item__text\" itemprop=\"text\">\n<p class=\"has-text-align-center\"><strong><a href=\"https:\/\/catalog.bilkent.edu.tr\/instructor\/i06201.html\" data-type=\"link\" data-id=\"https:\/\/catalog.bilkent.edu.tr\/instructor\/i06201.html\" target=\"_blank\" rel=\"noreferrer noopener\">Director: Dr. Ay\u00e7a \u00dcner<\/a><br><\/strong><br><strong>Administrative Staff<\/strong><\/p>\n\n\n\n<figure class=\"wp-block-table\"><table class=\"has-fixed-layout\"><tbody><tr><td class=\"has-text-align-right\" data-align=\"right\">Administrative Assistant: <\/td><td>Zeynep Kocaadam<\/td><\/tr><\/tbody><\/table><\/figure>\n<\/div><\/div><\/div>\n<\/div>\n\n\n\n<div class=\"wp-block-greenshift-blocks-accordion gs-accordion gspb_accordion-id-gsbp-3a2d850\" id=\"gspb_accordion-id-gsbp-3a2d850\" itemscope itemtype=\"\">\n<div class=\"wp-block-greenshift-blocks-accordionitem gs-accordion-item gspb_accordionitem-gsbp-c7bb821 gsclose\" id=\"gspb_accordionitem-gsbp-c7bb821\" itemscope><div id=\"gs-trigger-gsbp-3a2d850-0\" class=\"gs-accordion-item__title\" aria-expanded=\"false\" role=\"button\" tabindex=\"0\" aria-controls=\"gspb-accordion-item-content-gsbp-c7bb821\"><div class=\"gs-accordion-item__heading\"><strong><a href=\"https:\/\/catalog.bilkent.edu.tr\/dep\/d27.html\">Second Foreign Language Program (FRL):<\/a><\/strong><\/div><meta itemprop=\"name\" content=\"<strong&gt;<a href=&quot;https:\/\/catalog.bilkent.edu.tr\/dep\/d27.html&quot;&gt;Second Foreign Language Program (FRL):<\/a&gt;<\/strong&gt;\"\/><span class=\"iconfortoggle\"><span class=\"gs-iconbefore\"><\/span><span class=\"gs-iconafter\"><\/span><\/span><\/div><div aria-labelledby=\"gs-trigger-gsbp-3a2d850-0\" class=\"gs-accordion-item__content\" itemscope id=\"gspb-accordion-item-content-gsbp-c7bb821\" aria-hidden=\"true\"><div class=\"gs-accordion-item__text\" itemprop=\"text\">\n<p class=\"has-text-align-center\"><a href=\"https:\/\/catalog.bilkent.edu.tr\/instructor\/i11385.html\" target=\"_blank\" rel=\"noreferrer noopener\"><strong>Coordinator: \u0130lknur Garbio\u011flu<\/strong><\/a><br><br><strong>Administrative Staff<\/strong><\/p>\n\n\n\n<figure class=\"wp-block-table\"><table class=\"has-fixed-layout\"><tbody><tr><td class=\"has-text-align-right\" data-align=\"right\">Administrative Assistant: <\/td><td>Bilge Ta\u015f<\/td><\/tr><\/tbody><\/table><\/figure>\n<\/div><\/div><\/div>\n<\/div>\n\n\n\n<p><\/p>\n","protected":false},"excerpt":{"rendered":"","protected":false},"author":1,"featured_media":0,"parent":0,"menu_order":0,"comment_status":"closed","ping_status":"closed","template":"","meta":{"_gspb_post_css":"#gspb_accordion-id-gsbp-725617b .gs-accordion-item.gsclose>.gs-accordion-item__content{overflow:hidden;opacity:0}#gspb_accordion-id-gsbp-725617b .gs-accordion-item.gsopen>.gs-accordion-item__content{opacity:1;max-height:5000px}#gspb_accordion-id-gsbp-725617b .gs-accordion-item>.gs-accordion-item__title>.gs-accordion-item__heading{outline:0;text-decoration:none;margin:0!important;padding:0!important;flex-grow:1}#gspb_accordion-id-gsbp-725617b .gs-accordion-item>.gs-accordion-item__title{z-index:1;margin:0;cursor:pointer;transition:all .3s ease-in-out;position:relative;display:flex;justify-content:space-between;align-items:center;flex-wrap:nowrap}#gspb_accordion-id-gsbp-725617b .gs-accordion-item>.gs-accordion-item__content{z-index:0;position:relative;max-height:0;will-change:max-height;transition:all .25s ease-out}#gspb_accordion-id-gsbp-725617b .gs-accordion-item>.gs-accordion-item__title{background-color:#f9f9f9;border-style:solid;border-width:1px;border-color:#00000012}#gspb_accordion-id-gsbp-725617b .gs-accordion-item>.gs-accordion-item__content{background-color:#fff;border-style:solid;border-width:1px;border-color:#00000000 #00000012 #00000012}#gspb_accordion-id-gsbp-080938f .gs-accordion-item,#gspb_accordion-id-gsbp-3a2d850 .gs-accordion-item,#gspb_accordion-id-gsbp-46cf9b7 .gs-accordion-item,#gspb_accordion-id-gsbp-725617b .gs-accordion-item{margin-bottom:10px}#gspb_accordion-id-gsbp-725617b .gs-accordion-item>.gs-accordion-item__content>.gs-accordion-item__text,#gspb_accordion-id-gsbp-725617b .gs-accordion-item>.gs-accordion-item__title{padding:15px 20px}.gs-accordion .gs-accordion-item.gsopen .gs-accordion-item__title .gs-iconafter{transform:rotate(0)}#gspb_accordion-id-gsbp-080938f .gs-accordion-item.gsclose>.gs-accordion-item__content{overflow:hidden;opacity:0}#gspb_accordion-id-gsbp-080938f .gs-accordion-item.gsopen>.gs-accordion-item__content{opacity:1;max-height:5000px}#gspb_accordion-id-gsbp-080938f .gs-accordion-item>.gs-accordion-item__title>.gs-accordion-item__heading{outline:0;text-decoration:none;margin:0!important;padding:0!important;flex-grow:1}#gspb_accordion-id-gsbp-080938f .gs-accordion-item>.gs-accordion-item__title{z-index:1;margin:0;cursor:pointer;transition:all .3s ease-in-out;position:relative;display:flex;justify-content:space-between;align-items:center;flex-wrap:nowrap}#gspb_accordion-id-gsbp-080938f .gs-accordion-item>.gs-accordion-item__content{z-index:0;position:relative;max-height:0;will-change:max-height;transition:all .25s ease-out}#gspb_accordion-id-gsbp-080938f .gs-accordion-item>.gs-accordion-item__title{background-color:#f9f9f9;border-style:solid;border-width:1px;border-color:#00000012}#gspb_accordion-id-gsbp-080938f .gs-accordion-item>.gs-accordion-item__content{background-color:#fff;border-style:solid;border-width:1px;border-color:#00000000 #00000012 #00000012}#gspb_accordion-id-gsbp-080938f .gs-accordion-item>.gs-accordion-item__title span.iconfortoggle,#gspb_accordion-id-gsbp-725617b .gs-accordion-item>.gs-accordion-item__title span.iconfortoggle{margin-left:15px;display:inline-block;height:14px;width:14px;position:relative}#gspb_accordion-id-gsbp-080938f .gs-accordion-item>.gs-accordion-item__content>.gs-accordion-item__text,#gspb_accordion-id-gsbp-080938f .gs-accordion-item>.gs-accordion-item__title{padding:15px 20px}#gspb_accordion-id-gsbp-46cf9b7 .gs-accordion-item.gsclose>.gs-accordion-item__content{overflow:hidden;opacity:0}#gspb_accordion-id-gsbp-46cf9b7 .gs-accordion-item.gsopen>.gs-accordion-item__content{opacity:1;max-height:5000px}#gspb_accordion-id-gsbp-46cf9b7 .gs-accordion-item>.gs-accordion-item__title>.gs-accordion-item__heading{outline:0;text-decoration:none;margin:0!important;padding:0!important;flex-grow:1}#gspb_accordion-id-gsbp-46cf9b7 .gs-accordion-item>.gs-accordion-item__title{z-index:1;margin:0;cursor:pointer;transition:all .3s ease-in-out;position:relative;display:flex;justify-content:space-between;align-items:center;flex-wrap:nowrap}#gspb_accordion-id-gsbp-46cf9b7 .gs-accordion-item>.gs-accordion-item__content{z-index:0;position:relative;max-height:0;will-change:max-height;transition:all .25s ease-out}#gspb_accordion-id-gsbp-46cf9b7 .gs-accordion-item>.gs-accordion-item__title{background-color:#f9f9f9;border-style:solid;border-width:1px;border-color:#00000012}#gspb_accordion-id-gsbp-46cf9b7 .gs-accordion-item>.gs-accordion-item__content{background-color:#fff;border-style:solid;border-width:1px;border-color:#00000000 #00000012 #00000012}#gspb_accordion-id-gsbp-46cf9b7 .gs-accordion-item>.gs-accordion-item__content>.gs-accordion-item__text,#gspb_accordion-id-gsbp-46cf9b7 .gs-accordion-item>.gs-accordion-item__title{padding:15px 20px}#gspb_accordion-id-gsbp-3a2d850 .gs-accordion-item.gsclose>.gs-accordion-item__content{overflow:hidden;opacity:0}#gspb_accordion-id-gsbp-3a2d850 .gs-accordion-item.gsopen>.gs-accordion-item__content{opacity:1;max-height:5000px}#gspb_accordion-id-gsbp-3a2d850 .gs-accordion-item>.gs-accordion-item__title>.gs-accordion-item__heading{outline:0;text-decoration:none;margin:0!important;padding:0!important;flex-grow:1}#gspb_accordion-id-gsbp-3a2d850 .gs-accordion-item>.gs-accordion-item__title{z-index:1;margin:0;cursor:pointer;transition:all .3s ease-in-out;position:relative;display:flex;justify-content:space-between;align-items:center;flex-wrap:nowrap}#gspb_accordion-id-gsbp-3a2d850 .gs-accordion-item>.gs-accordion-item__content{z-index:0;position:relative;max-height:0;will-change:max-height;transition:all .25s ease-out}#gspb_accordion-id-gsbp-3a2d850 .gs-accordion-item>.gs-accordion-item__title{background-color:#f9f9f9;border-style:solid;border-width:1px;border-color:#00000012}#gspb_accordion-id-gsbp-3a2d850 .gs-accordion-item>.gs-accordion-item__content{background-color:#fff;border-style:solid;border-width:1px;border-color:#00000000 #00000012 #00000012}#gspb_accordion-id-gsbp-3a2d850 .gs-accordion-item>.gs-accordion-item__title span.iconfortoggle,#gspb_accordion-id-gsbp-46cf9b7 .gs-accordion-item>.gs-accordion-item__title span.iconfortoggle{margin-left:15px;display:inline-block;height:14px;width:14px;position:relative}#gspb_accordion-id-gsbp-3a2d850 .gs-accordion-item>.gs-accordion-item__content>.gs-accordion-item__text,#gspb_accordion-id-gsbp-3a2d850 .gs-accordion-item>.gs-accordion-item__title{padding:15px 20px}.gs-accordion .gs-accordion-item__title span.iconfortoggle .gs-iconafter,.gs-accordion .gs-accordion-item__title span.iconfortoggle .gs-iconbefore{content:'';width:14px;height:2px;border-radius:2px;background-color:#111;position:absolute;top:6px;left:0}.gs-accordion .gs-accordion-item__title span.iconfortoggle .gs-iconafter{transform:rotate(90deg);transition:all .3s ease-in-out}.gspb_container-id-gsbp-81e11e6{flex-direction:column;box-sizing:border-box}#gspb_container-id-gsbp-81e11e6.gspb_container>p:last-of-type{margin-bottom:0}#gspb_container-id-gsbp-81e11e6.gspb_container{position:relative;margin-bottom:0}","footnotes":""},"class_list":["post-807","page","type-page","status-publish","hentry"],"blocksy_meta":[],"_links":{"self":[{"href":"https:\/\/for.bilkent.edu.tr\/index.php?rest_route=\/wp\/v2\/pages\/807","targetHints":{"allow":["GET"]}}],"collection":[{"href":"https:\/\/for.bilkent.edu.tr\/index.php?rest_route=\/wp\/v2\/pages"}],"about":[{"href":"https:\/\/for.bilkent.edu.tr\/index.php?rest_route=\/wp\/v2\/types\/page"}],"author":[{"embeddable":true,"href":"https:\/\/for.bilkent.edu.tr\/index.php?rest_route=\/wp\/v2\/users\/1"}],"replies":[{"embeddable":true,"href":"https:\/\/for.bilkent.edu.tr\/index.php?rest_route=%2Fwp%2Fv2%2Fcomments&post=807"}],"version-history":[{"count":5,"href":"https:\/\/for.bilkent.edu.tr\/index.php?rest_route=\/wp\/v2\/pages\/807\/revisions"}],"predecessor-version":[{"id":1052,"href":"https:\/\/for.bilkent.edu.tr\/index.php?rest_route=\/wp\/v2\/pages\/807\/revisions\/1052"}],"wp:attachment":[{"href":"https:\/\/for.bilkent.edu.tr\/index.php?rest_route=%2Fwp%2Fv2%2Fmedia&parent=807"}],"curies":[{"name":"wp","href":"https:\/\/api.w.org\/{rel}","templated":true}]}}